{"id":105,"date":"2024-07-10T22:40:11","date_gmt":"2024-07-10T20:40:11","guid":{"rendered":"https:\/\/baronchloe-avocat.fr\/?page_id=105"},"modified":"2025-01-20T22:38:20","modified_gmt":"2025-01-20T21:38:20","slug":"accueil","status":"publish","type":"page","link":"https:\/\/baronchloe-avocat.fr\/","title":{"rendered":"\u00c0\u00a0propos"},"content":{"rendered":"\n<h2 class=\"wp-block-heading\"><u>Formation<\/u><\/h2>\n\n\n\n<br \/>\n<p><p style=\"text-align: justify;\">Dipl\u00f4m\u00e9e en 2018 d\u2019un Master 2 en Droit de la sanction p\u00e9nale et de l\u2019ex\u00e9cution des peines \u00e0 l\u2019Universit\u00e9 de Montpellier, Chlo\u00e9 Baron a suivi un cursus universitaire en droit p\u00e9nal et droit p\u00e9nitentiaire.<br>Elle est \u00e9galement titulaire d\u2019un dipl\u00f4me universitaire de Sciences criminelles (2017) et de Victimologie d\u00e9livr\u00e9 par la Facult\u00e9 de M\u00e9decine de Montpellier (2019).<br><\/p><\/p>\n<br \/>\n\n\n\n<h2 class=\"wp-block-heading\"><u>Exp\u00e9rience<\/u><\/h2>\n\n\n\n<br \/>\n<p><p style=\"text-align: justify;\">\nDepuis 2021, Chlo\u00e9 Baron est inscrite au Barreau de Paris et intervient devant toutes les juridictions p\u00e9nales fran\u00e7aises pour d\u00e9fendre vos int\u00e9r\u00eats, en tant que mis en cause ou victime. Elle intervient \u00e9galement r\u00e9guli\u00e8rement devant les juridictions administratives.<br>Avant de s\u2019installer \u00e0 son compte en 2024, Chlo\u00e9 Baron a exerc\u00e9 en tant que collaboratrice lib\u00e9rale dans un cabinet parisien au sein duquel elle s\u2019est forg\u00e9e une exp\u00e9rience solide en droit p\u00e9nal et droit p\u00e9nitentiaire.<\/p><\/p>\n<br \/>\n\n\n\n<h2 class=\"wp-block-heading\"><u>Engagements<\/u><\/h2>\n\n\n\n<br \/>\n<p class=\"has-text-align-center\"><p style=\"text-align: center;\">CONFIDENTIALITE &#8211; CONFIANCE &#8211; REACTIVITE\n<p class=\"has-text-align-center\"><p style=\"text-align: justify;\">Chlo\u00e9 Baron est inscrite sur les listes des avocats intervenant en mati\u00e8re de d\u00e9fense p\u00e9nale d\u2019urgence du Barreau de Paris. Attach\u00e9e \u00e0 la d\u00e9fense des droits fondamentaux, elle est membre du bureau de l\u2019Association d\u2019avocats pour la d\u00e9fense des droits des d\u00e9tenus (A3D) et membre de l\u2019Observatoire international des prisons (OIP).<\/p><\/p>\n<br \/>\n\n\n\n<div class=\"wp-block-columns container is-layout-flex wp-container-core-columns-is-layout-9d6595d7 wp-block-columns-is-layout-flex\">\n<div class=\"wp-block-column is-layout-flow wp-block-column-is-layout-flow\"><\/div>\n\n\n\n<div class=\"wp-block-column is-layout-flow wp-block-column-is-layout-flow\"><\/div>\n<\/div>\n\n\n\n<p class=\"has-text-align-center\"><em><strong>&#8220;Je jure, comme avocat, d&#8217;exercer mes fonctions avec dignit\u00e9, conscience, ind\u00e9pendance, probit\u00e9 et humanit\u00e9&#8221;.<\/strong><\/em><\/p>\n","protected":false},"excerpt":{"rendered":"<p>Formation Dipl\u00f4m\u00e9e en 2018 d\u2019un Master 2 en Droit de la sanction p\u00e9nale et de l\u2019ex\u00e9cution des peines \u00e0 l\u2019Universit\u00e9 de Montpellier, Chlo\u00e9 Baron a suivi un cursus universitaire en droit p\u00e9nal et droit p\u00e9nitentiaire.Elle est \u00e9galement titulaire d\u2019un dipl\u00f4me universitaire de Sciences criminelles (2017) et de Victimologie d\u00e9livr\u00e9 par [&hellip;]<\/p>\n","protected":false},"author":1,"featured_media":120,"parent":0,"menu_order":0,"comment_status":"closed","ping_status":"closed","template":"","meta":{"footnotes":""},"class_list":["post-105","page","type-page","status-publish","has-post-thumbnail","hentry"],"_links":{"self":[{"href":"https:\/\/baronchloe-avocat.fr\/index.php?rest_route=\/wp\/v2\/pages\/105","targetHints":{"allow":["GET"]}}],"collection":[{"href":"https:\/\/baronchloe-avocat.fr\/index.php?rest_route=\/wp\/v2\/pages"}],"about":[{"href":"https:\/\/baronchloe-avocat.fr\/index.php?rest_route=\/wp\/v2\/types\/page"}],"author":[{"embeddable":true,"href":"https:\/\/baronchloe-avocat.fr\/index.php?rest_route=\/wp\/v2\/users\/1"}],"replies":[{"embeddable":true,"href":"https:\/\/baronchloe-avocat.fr\/index.php?rest_route=%2Fwp%2Fv2%2Fcomments&post=105"}],"version-history":[{"count":24,"href":"https:\/\/baronchloe-avocat.fr\/index.php?rest_route=\/wp\/v2\/pages\/105\/revisions"}],"predecessor-version":[{"id":383,"href":"https:\/\/baronchloe-avocat.fr\/index.php?rest_route=\/wp\/v2\/pages\/105\/revisions\/383"}],"wp:featuredmedia":[{"embeddable":true,"href":"https:\/\/baronchloe-avocat.fr\/index.php?rest_route=\/wp\/v2\/media\/120"}],"wp:attachment":[{"href":"https:\/\/baronchloe-avocat.fr\/index.php?rest_route=%2Fwp%2Fv2%2Fmedia&parent=105"}],"curies":[{"name":"wp","href":"https:\/\/api.w.org\/{rel}","templated":true}]}}