{"id":137,"date":"2024-07-10T22:40:11","date_gmt":"2024-07-10T20:40:11","guid":{"rendered":"https:\/\/baronchloe-avocat.fr\/?page_id=137"},"modified":"2024-08-30T23:20:38","modified_gmt":"2024-08-30T21:20:38","slug":"domaines-dintervention","status":"publish","type":"page","link":"https:\/\/baronchloe-avocat.fr\/?page_id=137","title":{"rendered":"DOMAINES D\u2019INTERVENTION"},"content":{"rendered":"\n<hr \/><h2 class=\"wp-block-heading has-text-align-center has-black-color has-white-background-color has-text-color has-background has-link-color\">Droit p\u00e9nal<\/h2><hr \/>\n\n\n\n<div class=\"wp-block-group is-nowrap is-layout-flex wp-container-core-group-is-layout-ad2f72ca wp-block-group-is-layout-flex\">\n<p><br><span style=\"color: initial; font-size: revert;\">Chlo\u00e9 Baron assiste et d\u00e9fend les personnes mises en cause et victimes d\u2019infractions p\u00e9nales \u00e0 toutes les \u00e9tapes de proc\u00e9dure :<\/span><\/p>\n<\/div>\n\n\n\n<ul class=\"wp-block-list\">\n<li>D\u00e9p\u00f4t de plainte, garde \u00e0 vue et audition libre<\/li>\n\n\n\n<li>Composition p\u00e9nale<\/li>\n\n\n\n<li>D\u00e9ferrement devant le Procureur de la R\u00e9publique<\/li>\n\n\n\n<li>D\u00e9bat devant le Juge des libert\u00e9s et de la d\u00e9tention<\/li>\n\n\n\n<li>Information judiciaire<\/li>\n\n\n\n<li>Comparution imm\u00e9diate<\/li>\n\n\n\n<li>Comparution sur reconnaissance pr\u00e9alable de culpabilit\u00e9 (CRPC)<\/li>\n\n\n\n<li>Audience devant le Tribunal de police, le Tribunal correctionnel et la Cour d\u2019assises,<\/li>\n\n\n\n<li>Ex\u00e9cution et am\u00e9nagement de peine<\/li>\n<\/ul>\n\n\n\n<p><p style=\"text-align: justify;\">Chlo\u00e9 Baron intervient \u00e9galement devant la Commission d\u2019indemnisation des victimes d\u2019infractions p\u00e9nales et les juridictions civiles dans le cadre des proc\u00e9dures d\u2019indemnisation du pr\u00e9judice corporel.<\/p><\/p>\n<br \/>\n\n\n\n<div class=\"wp-block-group is-nowrap is-layout-flex wp-container-core-group-is-layout-ad2f72ca wp-block-group-is-layout-flex\">\n<br \/>\n<\/div>\n\n\n\n<hr \/><h2 class=\"wp-block-heading has-text-align-center has-black-color has-white-background-color has-text-color has-background has-link-color\">Droit de l&#8217;application des peines<\/h2><hr \/>\n\n\n\n<p><p style=\"text-align: justify;\"><br>Chlo\u00e9 Baron assiste les personnes condamn\u00e9es dans le cadre de l\u2019ex\u00e9cution de leur peine, en milieu ouvert et milieu ferm\u00e9&nbsp;:<\/p><\/p>\n\n\n\n<ul class=\"wp-block-list\">\n<li>Sursis probatoire<\/li>\n\n\n\n<li>Confusion de peine<\/li>\n\n\n\n<li>Effacement de B2<\/li>\n\n\n\n<li>Relev\u00e9 d\u2019interdiction<\/li>\n\n\n\n<li>Rel\u00e8vement de p\u00e9riode de suret\u00e9<\/li>\n\n\n\n<li>Demande de lib\u00e9ration conditionnelle, de d\u00e9tention \u00e0 domicile sous bracelet \u00e9lectronique, semi-libert\u00e9 et placement ext\u00e9rieur<\/li>\n<\/ul>\n\n\n\n<div class=\"wp-block-group is-nowrap is-layout-flex wp-container-core-group-is-layout-ad2f72ca wp-block-group-is-layout-flex\">\n<br \/>\n<\/div>\n\n\n\n<hr \/><h2 class=\"wp-block-heading has-text-align-center has-black-color has-white-background-color has-text-color has-background has-link-color\">Droit p\u00e9nitentiaire<\/h2><hr \/>\n\n\n\n<br \/><p><p style=\"text-align: justify;\">Chlo\u00e9 Baron dispose \u00e9galement d\u2019une expertise solide en mati\u00e8re de droit p\u00e9nitentiaire pour d\u00e9fendre les personnes d\u00e9tenues contre les d\u00e9cisions prises par l\u2019administration p\u00e9nitentiaire et impactant l\u2019ex\u00e9cution de la peine de prison.\n<br \/>\n<br \/>A ce titre, elle assiste les personnes d\u00e9tenues convoqu\u00e9es en commission de discipline, \u00e0 un d\u00e9bat de placement \u00e0 l\u2019isolement, d\u2019inscription au r\u00e9pertoire des d\u00e9tenus particuli\u00e8rement signal\u00e9s etc.<\/p><\/p>\n\n\n\nChlo\u00e9 Baron est comp\u00e9tente pour saisir les juridictions administratives de recours (r\u00e9f\u00e9r\u00e9s et recours pour exc\u00e8s de pouvoir) contre l\u2019ensemble des d\u00e9cisions impactant la d\u00e9tention des personnes incarc\u00e9r\u00e9es (refus de permis de visite, sanction disciplinaire, placement \u00e0 l\u2019isolement, transf\u00e8rement, refus de classement etc.)\n\n\n\n<br \/>\n<br \/>Chlo\u00e9 Baron intervient \u00e9galement sur les probl\u00e9matiques sp\u00e9cifiques d\u2019acc\u00e8s aux soins en d\u00e9tention et d\u2019indemnisation des conditions de d\u00e9tention indignes.<\/p><\/p>\n<br \/>\n\n\n\n<hr \/><h2 class=\"wp-block-heading has-text-align-center has-black-color has-white-background-color has-text-color has-background has-link-color\">Droit des mineurs<\/h2><hr \/>\n\n\n\n<br \/><p><p style=\"text-align: justify;\">Chlo\u00e9 Baron conseille et assiste dans toutes les proc\u00e9dures impliquant des mineurs mis en cause ou victimes, afin de pr\u00e9server leurs droits&nbsp;:<\/p><\/p>\n\n\n\n<ul class=\"wp-block-list\">\n<li>Proc\u00e9dure d\u2019assistance \u00e9ducative<\/li>\n\n\n\n<li>Garde \u00e0 vue, d\u00e9tention provisoire, audition du mineur<\/li>\n\n\n\n<li>Audience p\u00e9nale en cabinet ou devant le Tribunal<\/li>\n<\/ul>\n\n\n\n<p><p style=\"text-align: justify;\">Chlo\u00e9 Baron intervient \u00e9galement en d\u00e9fense des mineurs convoqu\u00e9s \u00e0 un conseil de discipline au sein de leur \u00e9tablissement scolaire.<\/p><\/p>\n\n\n\n<div class=\"wp-block-group is-nowrap is-layout-flex wp-container-core-group-is-layout-ad2f72ca wp-block-group-is-layout-flex\">\n<br \/>\n<\/div>\n\n\n\n<br \/>\n","protected":false},"excerpt":{"rendered":"<p>Droit p\u00e9nal Chlo\u00e9 Baron assiste et d\u00e9fend les personnes mises en cause et victimes d\u2019infractions p\u00e9nales \u00e0 toutes les \u00e9tapes de proc\u00e9dure : Chlo\u00e9 Baron intervient \u00e9galement devant la Commission d\u2019indemnisation des victimes d\u2019infractions p\u00e9nales et les juridictions civiles dans le cadre des proc\u00e9dures d\u2019indemnisation du pr\u00e9judice corporel. Droit de [&hellip;]<\/p>\n","protected":false},"author":1,"featured_media":0,"parent":0,"menu_order":0,"comment_status":"closed","ping_status":"closed","template":"","meta":{"footnotes":""},"class_list":["post-137","page","type-page","status-publish","hentry"],"_links":{"self":[{"href":"https:\/\/baronchloe-avocat.fr\/index.php?rest_route=\/wp\/v2\/pages\/137","targetHints":{"allow":["GET"]}}],"collection":[{"href":"https:\/\/baronchloe-avocat.fr\/index.php?rest_route=\/wp\/v2\/pages"}],"about":[{"href":"https:\/\/baronchloe-avocat.fr\/index.php?rest_route=\/wp\/v2\/types\/page"}],"author":[{"embeddable":true,"href":"https:\/\/baronchloe-avocat.fr\/index.php?rest_route=\/wp\/v2\/users\/1"}],"replies":[{"embeddable":true,"href":"https:\/\/baronchloe-avocat.fr\/index.php?rest_route=%2Fwp%2Fv2%2Fcomments&post=137"}],"version-history":[{"count":69,"href":"https:\/\/baronchloe-avocat.fr\/index.php?rest_route=\/wp\/v2\/pages\/137\/revisions"}],"predecessor-version":[{"id":349,"href":"https:\/\/baronchloe-avocat.fr\/index.php?rest_route=\/wp\/v2\/pages\/137\/revisions\/349"}],"wp:attachment":[{"href":"https:\/\/baronchloe-avocat.fr\/index.php?rest_route=%2Fwp%2Fv2%2Fmedia&parent=137"}],"curies":[{"name":"wp","href":"https:\/\/api.w.org\/{rel}","templated":true}]}}