{"id":361,"date":"2025-01-17T18:14:04","date_gmt":"2025-01-17T17:14:04","guid":{"rendered":"https:\/\/baronchloe-avocat.fr\/?page_id=361"},"modified":"2025-05-06T14:27:21","modified_gmt":"2025-05-06T12:27:21","slug":"mentions-legales","status":"publish","type":"page","link":"https:\/\/baronchloe-avocat.fr\/?page_id=361","title":{"rendered":"Mentions l\u00e9gales"},"content":{"rendered":"\n<h2 class=\"wp-block-heading has-medium-font-size\" id=\"h.rvhuhob62348_l\">\n  <strong><u>1. Informations sur l&#8217;\u00e9diteur<\/u><\/strong>\n<\/h2>\n\n\n\n<p class=\"justify\"\"has-small-font-size\">Cabinet de Ma\u00eetre Chlo\u00e9 Baron<\/p>\n\n\n\n<p class=\"justify\"has-small-font-size\">32 rue Jouffroy d&#8217;Abbans 75017 Paris<\/p>\n\n\n\n<p class=\"justify\"\"has-small-font-size\">Tel : 06 20 80 70 33<\/p>\n\n\n\n<p class=\"justify\"\"has-small-font-size\">cb@baronchloe-avocat.fr<\/p>\n\n\n\n<p class=\"justify\"\"has-small-font-size\">Entrepreneur individuel&nbsp;<\/p>\n\n\n\n<p class=\"justify\"\"has-small-font-size\">SIRET : 90526811600027<\/p>\n\n\n\n<p><strong><u>2. Directeur de publication<\/u><\/strong><\/p>\n\n\n\n<p class=\"justify\"\"has-small-font-size\">Chlo\u00e9 Baron en sa qualit\u00e9 de fondatrice du Cabinet de Ma\u00eetre Chlo\u00e9 Baron.&nbsp;<\/p>\n\n\n\n<p><strong><u>3. H\u00e9bergement du site<\/u><\/strong><\/p>\n\n\n\n<p class=\"justify\"\"has-small-font-size\">OVHCloud <\/p>\n\n\n\n<p><strong><u>4. Conditions g\u00e9n\u00e9rales d&#8217;utilisation (CGU) du site et des services propos\u00e9s<\/u><\/strong><\/p>\n\n\n\n<br \/>\n<p><p style=\"text-align: justify;\">L\u2019utilisation du Site https:\/\/baronchloe-avocat.fr emporte acceptation pleine et enti\u00e8re des pr\u00e9sentes. L\u2019utilisateur d\u00e9clare avoir la comp\u00e9tence et les moyens n\u00e9cessaires pour acc\u00e9der au Site.<\/p>\n\n\n\n<p class=\"justify\"\"has-small-font-size\">Le Site, sauf notamment p\u00e9riode de maintenance, est accessible \u00e0 tout moment aux internautes.<\/p>\n\n\n\n<br \/>\n<p><p style=\"text-align: justify;\">Le contenu du blog et des actualit\u00e9s, et d\u2019une mani\u00e8re g\u00e9n\u00e9rale toutes les informations contenues dans le Site, est fourni dans le cadre d\u2019une information g\u00e9n\u00e9rale offerte \u00e0 titre indicatif aux internautes sans aucune garantie, explicite ou implicite, de validit\u00e9, d\u2019exhaustivit\u00e9 ou d\u2019actualit\u00e9 et ne saurait, en aucune mani\u00e8re, remplacer ou se substituer aux conseils ou consultations juridiques susceptibles d\u2019\u00eatre fournies par les membres du Cabinet de Ma\u00eetre Chlo\u00e9 Baron.<\/p>\n\n\n\n<p class=\"justify\"\"has-small-font-size\">Le Cabinet de Ma\u00eetre Chlo\u00e9 Baron se r\u00e9serve le droit de modifier, compl\u00e9ter ou modifier tout ou partie du Site, \u00e0 tout moment et sans d\u00e9lai de pr\u00e9avis.<\/p>\n\n\n\n<p><p style=\"text-align: justify;\">Le Cabinet de Ma\u00eetre Chlo\u00e9 Baron ne pourra en aucun cas \u00eatre tenu responsable de tout dommage mat\u00e9riel li\u00e9 \u00e0 l\u2019utilisation du site.<\/p>\n\n\n\n<p><p style=\"text-align: justify;\">L\u2019utilisateur s\u2019engage \u00e0 acc\u00e9der au site en utilisant un mat\u00e9riel r\u00e9cent, ne contenant pas de virus et ayant un navigateur op\u00e9rationnel de derni\u00e8re g\u00e9n\u00e9ration mis \u00e0 jour.<\/p>\n\n\n\n<h2 class=\"wp-block-heading has-medium-font-size\" id=\"h.63nfe45uxqhr_l\">\n  <strong><u>5. Propri\u00e9t\u00e9s intellectuelles et contrefa\u00e7ons<\/u><\/strong>\n<\/h2>\n\n\n\n<p><p style=\"text-align: justify;\">Tous les contenus pr\u00e9sents sur ce site : structures, formats, logo, images, animations, textes, sons, logiciels, ou encore design, sont la propri\u00e9t\u00e9 exclusive du Cabinet de Ma\u00eetre Chlo\u00e9 Baron en sa qualit\u00e9 d\u2019\u00e9diteur.<\/p>\n\n\n\n<p><p style=\"text-align: justify;\">Toute reproduction, copie, modification, publication, adaptation, qu\u2019elles soient partielles ou totales, peu importe le support utilis\u00e9, sont interdites.<\/p>\n\n\n\n<p><p style=\"text-align: justify;\">Toute exploitation non autoris\u00e9e du site ou d\u2019un quelconque \u00e9l\u00e9ment qu\u2019il d\u00e9tient sera consid\u00e9r\u00e9e et vu comme un \u00e9l\u00e9ment constitutif d\u2019une contrefa\u00e7on et sera consid\u00e9r\u00e9e et poursuivie en conformit\u00e9 avec les dispositions de l\u2019article L.335-2 et suivants du Code de la Propri\u00e9t\u00e9 Intellectuelle.<\/p>\n\n\n\n<h2 class=\"wp-block-heading has-medium-font-size\" id=\"h.x2t9z14f1a66_l\">\n  <strong><u>6. Donn\u00e9es personnelles et cookies<\/u><\/strong>\n<\/h2>\n\n\n\n<p class=\"justify\"\"has-small-font-size\"><strong>Donn\u00e9es personnelles<\/strong><\/p>\n\n\n\n<p><p style=\"text-align: justify;\">Les traitements de donn\u00e9es personnelles r\u00e9alis\u00e9s \u00e0 partir du Site ont fait l\u2019objet d\u2019une d\u00e9claration pr\u00e9alable aupr\u00e8s de la Commission nationale Informatique et Libert\u00e9s.<\/p>\n\n\n\n<p><p style=\"text-align: justify;\">L\u2019utilisateur accepte de mani\u00e8re expresse que, dans le cadre de la gestion de ses demandes (prise de contact, transmission de curriculum vitae, demande de mise en place de l\u2019espace s\u00e9curis\u00e9, \u2026), le Cabinet de Ma\u00eetre Chlo\u00e9 Baron collecte et traite ses donn\u00e9es personnelles. Certaines des donn\u00e9es collect\u00e9es sont obligatoires pour permettre \u00e0 l\u2019utilisateur de b\u00e9n\u00e9ficier des services du Cabinet de Ma\u00eetre Chlo\u00e9 Baron. Si l\u2019utilisateur choisit de ne pas les communiquer, ses demandes ne pourront \u00eatre trait\u00e9es par le Cabinet de Ma\u00eetre Chlo\u00e9 Baron .&nbsp;<\/p>\n\n\n\n<p><p style=\"text-align: justify;\">La collecte des donn\u00e9es personnelles de l\u2019utilisateur est destin\u00e9e uniquement au Cabinet de Ma\u00eetre Chlo\u00e9 Baron  lequel pourra \u00eatre amen\u00e9 \u00e0 traiter et utiliser lesdites donn\u00e9es aux fins notamment de :<\/p>\n\n\n\n<p class=\"justify\"\"has-small-font-size\">\u2013 effectuer les op\u00e9rations relatives \u00e0 la gestion des clients ;<\/p>\n\n\n\n<p class=\"justify\"\"has-small-font-size\">\u2013 effectuer des op\u00e9rations relatives \u00e0 la prospection ;<\/p>\n\n\n\n<p class=\"justify\"\"has-small-font-size\">\u2013 gestion des demandes de droit d\u2019acc\u00e8s, de rectification et d\u2019opposition ;<\/p>\n\n\n\n<p class=\"justify\"\"has-small-font-size\">\u2013 gestion des avis des personnes sur des produits, services ou contenus ;<\/p>\n\n\n\n<p class=\"justify\"\"has-small-font-size\">\u2013 analyse et pr\u00e9vention des fraudes.<\/p>\n\n\n\n<p><p style=\"text-align: justify;\">L\u2019utilisateur autorise express\u00e9ment le Cabinet de Ma\u00eetre Chlo\u00e9 Baron \u00e0 transf\u00e9rer \u00e0 tout tiers de son choix ses donn\u00e9es aux fins de r\u00e9alisation des finalit\u00e9s d\u00e9crites aux termes des pr\u00e9sentes.<\/p>\n\n\n\n<p><p style=\"text-align: justify;\">A ce titre, le Client est inform\u00e9 que les donn\u00e9es personnelles le concernant peuvent \u00eatre transmises :<\/p>\n\n\n\n<p><p style=\"text-align: justify;\">\u2013 aux personnes charg\u00e9es du service marketing, du service commercial, des services charg\u00e9s de traiter la relation client et la prospection, des services administratifs, des services logistiques et informatiques ainsi que leurs responsables hi\u00e9rarchiques de la Soci\u00e9t\u00e9 ou de son groupe ;<\/p>\n\n\n\n<p><p style=\"text-align: justify;\">\u2013 aux services charg\u00e9s du contr\u00f4le (commissaire aux comptes, services charg\u00e9s des proc\u00e9dures internes du contr\u00f4le\u2026) du Cabinet de Ma\u00eetre Chlo\u00e9 Baron  ;<\/p>\n\n\n\n<p><p style=\"text-align: justify;\">\u2013 aux \u00e9tablissements et sous-traitants li\u00e9s au Cabinet de Ma\u00eetre Chlo\u00e9 Baron pour l\u2019ex\u00e9cution de t\u00e2ches se rapportant directement aux finalit\u00e9s d\u00e9crites pr\u00e9c\u00e9demment ;<\/p>\n\n\n\n<p><p style=\"text-align: justify;\">\u2013 aux organismes, auxiliaires de justice et officiers minist\u00e9riels dans le cadre de leur mission de recouvrement de cr\u00e9ances ;<\/p>\n\n\n\n<p><p style=\"text-align: justify;\">Lors de l\u2019utilisation du site certaines informations peuvent \u00eatre recueillies, telles que l\u2019URL des liens par lesquels l\u2019utilisateur est rentr\u00e9 sur le site, le fournisseur d\u2019acc\u00e8s de l\u2019utilisateur ou son adresse IP.<\/p>\n\n\n\n<p><p style=\"text-align: justify;\">L\u2019utilisateur dispose en application des dispositions de la loi n\u00b078-17 du 6 janvier 1978 relative \u00e0 l\u2019informatique, aux fichiers et aux libert\u00e9s d\u2019un droit d\u2019acc\u00e8s, d\u2019interrogation, de rectification et de suppression des donn\u00e9es personnelles le concernant. L\u2019utilisateur dispose \u00e9galement d\u2019un droit d\u2019opposition au traitement de ses donn\u00e9es pour des motifs l\u00e9gitimes.<\/p>\n\n\n\n<p><p style=\"text-align: justify;\">L\u2019utilisateur est invit\u00e9 \u00e0 exercer ses droits dans les conditions d\u00e9finies par la loi pr\u00e9cit\u00e9e en \u00e9crivant \u00e0 : Ma\u00eetre Chlo\u00e9 Baron  \u2013 49 rue Saint Roch \u00e0 Paris (75001) ou en adressant \u00e0 courrier \u00e9lectronique adress\u00e9 \u00e0 l\u2019adresse&nbsp;cb@baronchloe-avocat.fr<\/p>\n\n\n\n<p><p style=\"text-align: justify;\">Conform\u00e9ment aux dispositions des articles L.612-1 et suivants du Code de la consommation, vous avez la possibilit\u00e9, en cas de litige, de recourir gratuitement au M\u00e9diateur de la consommation aupr\u00e8s du Conseil National des Barreaux (CNB) dont les coordonn\u00e9es sont les suivantes : CNB, M\u00e9diateur de la consommation, 180 boulevard Haussmann &#8211; 75008 PARIS.<\/p>\n\n\n\n<p class=\"justify\"\"has-small-font-size\"><strong><strong>Cookies<\/strong><\/strong><\/p>\n\n\n\n<p><p style=\"text-align: justify;\">L\u2019utilisateur est inform\u00e9 que, lors de ses visites sur le site, un ou plusieurs cookies ou traceurs peuvent s\u2019installer automatiquement sur son mat\u00e9riel informatique. Pour plus d\u2019informations, l\u2019utilisateur est invit\u00e9 \u00e0 prendre connaissance des termes de la fen\u00eatre &#8220;RGPD&#8221; pr\u00e9sente \u00e0 l&#8217;Accueil du Site.&nbsp;<\/p>\n\n\n\n<p><\/p>\n","protected":false},"excerpt":{"rendered":"<p>1. Informations sur l&#8217;\u00e9diteur Cabinet de Ma\u00eetre Chlo\u00e9 Baron<\/p>\n","protected":false},"author":1,"featured_media":0,"parent":0,"menu_order":0,"comment_status":"closed","ping_status":"closed","template":"","meta":{"footnotes":""},"class_list":["post-361","page","type-page","status-publish","hentry"],"_links":{"self":[{"href":"https:\/\/baronchloe-avocat.fr\/index.php?rest_route=\/wp\/v2\/pages\/361","targetHints":{"allow":["GET"]}}],"collection":[{"href":"https:\/\/baronchloe-avocat.fr\/index.php?rest_route=\/wp\/v2\/pages"}],"about":[{"href":"https:\/\/baronchloe-avocat.fr\/index.php?rest_route=\/wp\/v2\/types\/page"}],"author":[{"embeddable":true,"href":"https:\/\/baronchloe-avocat.fr\/index.php?rest_route=\/wp\/v2\/users\/1"}],"replies":[{"embeddable":true,"href":"https:\/\/baronchloe-avocat.fr\/index.php?rest_route=%2Fwp%2Fv2%2Fcomments&post=361"}],"version-history":[{"count":15,"href":"https:\/\/baronchloe-avocat.fr\/index.php?rest_route=\/wp\/v2\/pages\/361\/revisions"}],"predecessor-version":[{"id":405,"href":"https:\/\/baronchloe-avocat.fr\/index.php?rest_route=\/wp\/v2\/pages\/361\/revisions\/405"}],"wp:attachment":[{"href":"https:\/\/baronchloe-avocat.fr\/index.php?rest_route=%2Fwp%2Fv2%2Fmedia&parent=361"}],"curies":[{"name":"wp","href":"https:\/\/api.w.org\/{rel}","templated":true}]}}